{"id":2929,"date":"2025-11-30T02:36:07","date_gmt":"2025-11-30T00:36:07","guid":{"rendered":"https:\/\/droolings.es\/mascotas\/sin%20categor\u00eda\/eukanuba-mature-razas-grandes-pollo-15kg\/"},"modified":"2025-11-30T02:37:50","modified_gmt":"2025-11-30T00:37:50","slug":"eukanuba-mature-razas-grandes-pollo-15kg","status":"publish","type":"product","link":"https:\/\/droolings.es\/mascotas\/perros\/eukanuba-mature-razas-grandes-pollo-15kg\/","title":{"rendered":"Eukanuba Mature Razas Grandes Pollo 15kg"},"content":{"rendered":"<div class=\"ingredientes-piensos\">\n<p>Composici\u00f3n Pienso para perros maduros Eukanuba Mature Razas Grandes Pollo:<br \/>\nPollo fresco (17%), pollo y pavo deshidratado (17% incluyendo pollo 10%, una fuente natural de glucosamina, sulfato de condroitina y taurina), ma\u00edz, trigo, grits de ma\u00edz, avena, cebada, sorgo, grasa de ave, pulpa de remolacha deshidratada (2.1%), harina de pescado (una fuente natural de \u00e1cidos grasos omega 3), salsa de pollo, sustancias minerales (incluyendo hexametafosfato s\u00f3dico 0.34%), huevo entero deshidratado, fructooligosac\u00e1ridos (0.25%, prebi\u00f3tico natural), levadura de cerveza deshidratada (fuente natural de vitaminas B y selenio), glucosamina (de tejidos animales) (0.04%), sulfato de condroitina (0.004%).<\/p>\n<p>Aditivos<br \/>\nAditivos nutricionales:<br \/>\nVitamina A (15.000 UI\/kg), vitamina D3 (1.500 UI\/kg), vitamina E (250 mg\/kg), betacaroteno (5 mg\/kg), L-carnitina (50 mg\/kg), hierro [sulfato de hierro (II) monohidratado] (50 mg\/kg), cobre [sulfato de cobre (II) pentahidratado] (8 mg\/kg), Zinc [sulfato de zinc monohidratado] (62,5 mg\/kg), manganeso [sulfato de manganeso (II) monohidratado] (10 mg\/kg), yodo [yodato de calcio anhidro] (1,5 mg\/kg).<\/p>\n<p>Aditivos tecnol\u00f3gicos:<br \/>\nAntioxidante: extractos de aceite vegetal con tocoferol (7 mg\/kg).<\/p>\n<p>Aditivos organol\u00e9pticos:<br \/>\nAromas: Extracto de romero.<\/p>\n<p>Componentes anal\u00edticos:<br \/>\nProte\u00edna: 23.5%, contenido de grasa: 10.5%, \u00e1cidos grasos omega 6: 2.4%, \u00e1cidos grasos omega 3: 0.32%, ceniza bruta: 6.5%, fibra bruta: 1.9%, calcio: 1.35%, f\u00f3sforo: 1.08%.<\/p>\n<\/div>\n","protected":false},"excerpt":{"rendered":"[shortcode_producto_apertura]\n<ul>\n<li style=\"color: #006400;font-weight: bold\">Pollo y Pavo Deshidratado 19% (La base justa. El ingrediente principal es harina de ave. Al estar deshidratada, es prote\u00edna real. Sin embargo, un 19% es una cantidad **escasa** para ser la base de sustentaci\u00f3n muscular de un perro maduro (\u00abMature\u00bb). A medida que envejecen, los perros necesitan M\u00c1S prote\u00edna de calidad para no perder masa muscular, no menos.)<\/li>\n<li style=\"color: #DAA520;font-weight: bold\">Pollo Fresco 19% (El espejismo de la etiqueta. Eukanuba empata el porcentaje del fresco con el deshidratado para que parezca mucho. Pero la f\u00edsica no cambia: el 19% fresco es agua. Tras la extrusi\u00f3n, se queda en un **~5-6% real**. Aporta sabor, pero nutricionalmente es un complemento menor.)<\/li>\n<li style=\"color: #8B0000;font-weight: bold\">El \u00abPent\u00e1gono\u00bb de Cereales (Splitting Extremo. \u00a1Alerta! Mira la lista: **Ma\u00edz, Trigo, Avena, Cebada, Sorgo**. Han utilizado **5 tipos de cereales distintos**. Si sumamos el volumen total de estos 5 granos, es matem\u00e1ticamente seguro que **el ingrediente principal de este pienso es el Cereal**, superando por goleada a la carne. Est\u00e1s pagando una dieta de gallinas (ma\u00edz\/trigo) para un perro que entra en la vejez.)<\/li>\n<li style=\"color: #006400;font-weight: bold\">Hexametafosfato S\u00f3dico (El dentista. El punto fuerte t\u00e9cnico de Eukanuba. Este aditivo qu\u00edmico atrapa el calcio de la saliva y reduce la formaci\u00f3n de sarro. En perros de edad media\/avanzada, el cuidado dental es cr\u00edtico para evitar infecciones.)<\/li>\n<li style=\"color: #8B0000;font-weight: bold\">Protecci\u00f3n Articular Coja. El saco dice \u00abMature\u00bb (Maduro), una etapa donde las articulaciones empiezan a fallar. Incluyen 400 mg\/kg de Glucosamina (0.04%), pero **no a\u00f1aden Condroitina extra** (solo la traza natural de la carne). Es una protecci\u00f3n insuficiente para frenar el desgaste de la edad.)<\/li>\n<li style=\"color: #006400;\">Control de Peso (Grasa 12%). Un nivel de grasa reducido es adecuado para perros maduros que bajan su actividad f\u00edsica, evitando que engorden.<\/li>\n<\/ul>\n<hr style=\"border-top: 1px solid #ccc\" \/>\n<div style=\"margin-bottom: 20px\">\n<h3 style=\"color: #1a1a1a\">Componentes Anal\u00edticos<\/h3>\n<ul>\n<li style=\"color: #006400\">Prote\u00edna bruta 26%<\/li>\n<li style=\"color: #DAA520\"><b>Nivel Medio.<\/b> Un 26% es aceptable, pero la calidad es mixta.<br \/>\n<br \/><b>Desglose de la Prote\u00edna (Total: 26%):<\/b><\/li>\n<li style=\"color: green;\">  <b>~16-17% proviene de Fuentes Animales:<\/b><br \/>\n<br \/>Proviene de la suma de **Pollo\/Pavo deshidratado (19%)**, el **Huevo**, la harina de pescado y el residuo del fresco. Es una base animal limpia pero escasa en cantidad total.<\/li>\n<li style=\"color: #DAA520; font-weight:bold\">  <b>~9-10% proviene de Fuentes Vegetales:<\/b><br \/>\n<br \/>\u00a1Atenci\u00f3n! La suma masiva de **Ma\u00edz, Trigo, Avena, Cebada y Sorgo** aporta mucho gluten. Estimamos que m\u00e1s de un tercio de la prote\u00edna total que nutre a tu perro maduro no es carne, es prote\u00edna de cereal. El valor biol\u00f3gico para mantener la masa muscular en la vejez es inferior.<\/li>\n<li style=\"color: #006400;font-weight: bold\">Contenido en grasa 12%<\/li>\n<li style=\"color: #006400\">Control de Peso. Un 12% es un valor ideal para perros maduros (7+ a\u00f1os) de raza mediana. Ayuda a mantener la l\u00ednea cuando el metabolismo se ralentiza.<\/li>\n<li style=\"color: #8B0000;font-weight: bold\">Carbohidratos (ELN) ~45,5%<\/li>\n<li style=\"color: #8B0000\"><b>Nivel Desorbitado.<\/b> (Calculado estimando 8% humedad). **Casi la mitad del saco es grano.** Al tener poca carne y grasa controlada, han rellenado el saco con una mezcla masiva de cereales. Es una carga gluc\u00e9mica alt\u00edsima que no beneficia a un perro mayor (riesgo de diabetes, inflamaci\u00f3n, etc.).<\/li>\n<li style=\"color: #006400;font-weight: bold\">Materia inorg\u00e1nica 6,4%<\/li>\n<li style=\"color: #006400\">Buena. Baja cantidad de residuos, lo que confirma que las harinas de ave son de calidad aceptable y no puro hueso.<\/li>\n<li style=\"color: #006400;font-weight: bold\">Calcio 1,35%<\/li>\n<li style=\"color: #DAA520\">Algo alto. Para un perro maduro, ser\u00eda preferible niveles m\u00e1s cercanos al 1% para no cargar el ri\u00f1\u00f3n, aunque no es peligroso.<\/li>\n<\/ul>\n<\/div>\n<hr style=\"border-top: 1px solid #ccc\" \/>\n<div style=\"margin-bottom: 20px\">\n<h3 style=\"color: #1a1a1a\">Aditivos<\/h3>\n<ul>\n<li style=\"color: #DAA520;\">Minerales Est\u00e1ndar<\/li>\n<li style=\"color: #DAA520\">Usan sulfatos y \u00f3xidos. No son quelados. En un perro que entra en la vejez, la absorci\u00f3n intestinal disminuye. Ser\u00eda ideal usar minerales quelados para asegurar la nutrici\u00f3n. La L-Carnitina (50mg) es una dosis muy baja, casi testimonial.<\/li>\n<\/ul>\n<\/div>\n<hr style=\"border-top: 1px solid #ccc\" \/>\n<div style=\"margin-bottom: 20px\">\n<h3 style=\"color: #1a1a1a\">Resumen de la Clasificaci\u00f3n de Ingredientes<\/h3>\n<table style=\"border-collapse: collapse;width: 100%\">\n<thead>\n<tr style=\"background-color: #f2f2f2\">\n<th style=\"border:1px solid #ddd;padding:8px;text-align:center\">Color<\/th>\n<th style=\"border:1px solid #ddd;padding:8px;text-align:center\">Tipo<\/th>\n<th style=\"border:1px solid #ddd;padding:8px;text-align:center\">Raz\u00f3n<\/th>\n<\/tr>\n<\/thead>\n<tbody>\n<tr style=\"background-color: #e6ffe6\">\n<td style=\"border:1px solid #ddd;padding:8px;text-align:center;color:#006400\">&#128994; Verde con <strong>negrita<\/strong><\/td>\n<td style=\"border:1px solid #ddd;padding:8px;text-align:center;color:#006400\">Tecnolog\u00eda Dental<\/td>\n<td style=\"border:1px solid #ddd;padding:8px;color:#006400\">Hexametafosfato S\u00f3dico. Ayuda real contra el sarro acumulado por la edad.<\/td>\n<\/tr>\n<tr style=\"background-color: #fffacd\">\n<td style=\"border: 1px solid #ddd;padding:8px;text-align:center;color:#DAA520\">&#128993; Amarillo con <strong>negrita<\/strong><\/td>\n<td style=\"border: 1px solid #ddd;padding:8px;text-align:center;color:#DAA520\">Invasi\u00f3n de Cereal<\/td>\n<td style=\"border: 1px solid #ddd;padding:8px;text-align:center;color:#DAA520\">5 tipos de cereales distintos. Suman ~45% de carbohidratos.<\/td>\n<\/tr>\n<tr style=\"background-color: #ffcccc\">\n<td style=\"border: 1px solid #ddd;padding:8px;text-align:center;color:#8B0000\">&#128308; Rojo con <strong>negrita<\/strong><\/td>\n<td style=\"border: 1px solid #ddd;padding:8px;text-align:center;color:#8B0000\">Articulaci\u00f3n Descubierta<\/td>\n<td style=\"border: 1px solid #ddd;padding:8px;text-align:center;color:#8B0000\">Falta Condroitina a\u00f1adida. Un fallo grave en un pienso \u00abMature\u00bb (Senior).<\/td>\n<\/tr>\n<\/tbody>\n<\/table>\n<\/div>\n[shortcode_producto_cierre]\n","protected":false},"featured_media":2926,"comment_status":"closed","ping_status":"open","template":"","meta":{"_acf_changed":false,"_seopress_robots_primary_cat":"","_seopress_titles_title":"","_seopress_titles_desc":"","_seopress_robots_index":"yes","_gspb_post_css":""},"store":[],"product_brand":[277],"product_cat":[15,104],"product_tag":[],"class_list":{"0":"post-2929","1":"product","2":"type-product","3":"status-publish","4":"has-post-thumbnail","6":"product_brand-eukanuba","7":"product_cat-perros","8":"product_cat-p-hijos","9":"pa_peso-15kg","10":"pa_tipo-de-producto-pienso","12":"first","13":"instock","14":"product-type-external"},"acf":{"nota_clinica_terapeutica":""},"_links":{"self":[{"href":"https:\/\/droolings.es\/mascotas\/wp-json\/wp\/v2\/product\/2929","targetHints":{"allow":["GET"]}}],"collection":[{"href":"https:\/\/droolings.es\/mascotas\/wp-json\/wp\/v2\/product"}],"about":[{"href":"https:\/\/droolings.es\/mascotas\/wp-json\/wp\/v2\/types\/product"}],"replies":[{"embeddable":true,"href":"https:\/\/droolings.es\/mascotas\/wp-json\/wp\/v2\/comments?post=2929"}],"wp:featuredmedia":[{"embeddable":true,"href":"https:\/\/droolings.es\/mascotas\/wp-json\/wp\/v2\/media\/2926"}],"wp:attachment":[{"href":"https:\/\/droolings.es\/mascotas\/wp-json\/wp\/v2\/media?parent=2929"}],"wp:term":[{"taxonomy":"store","embeddable":true,"href":"https:\/\/droolings.es\/mascotas\/wp-json\/wp\/v2\/store?post=2929"},{"taxonomy":"product_brand","embeddable":true,"href":"https:\/\/droolings.es\/mascotas\/wp-json\/wp\/v2\/product_brand?post=2929"},{"taxonomy":"product_cat","embeddable":true,"href":"https:\/\/droolings.es\/mascotas\/wp-json\/wp\/v2\/product_cat?post=2929"},{"taxonomy":"product_tag","embeddable":true,"href":"https:\/\/droolings.es\/mascotas\/wp-json\/wp\/v2\/product_tag?post=2929"}],"curies":[{"name":"wp","href":"https:\/\/api.w.org\/{rel}","templated":true}]}}